{"id":474,"date":"2021-01-02T20:42:00","date_gmt":"2021-01-02T20:42:00","guid":{"rendered":"http:\/\/wp.dermadiba.com\/?page_id=474"},"modified":"2023-04-02T22:28:35","modified_gmt":"2023-04-02T22:28:35","slug":"about-us","status":"publish","type":"page","link":"https:\/\/dermadiba.com\/fr\/about-us","title":{"rendered":"\u00c0 propos"},"content":{"rendered":"<p class=\" translation-block\"><strong>DermaDiba<\/strong> est une destination beaut\u00e9 \u00e0 Westmount d\u00e9di\u00e9e \u00e0 offrir un service d'excellence, des produits de qualit\u00e9 et une atmosph\u00e8re chaleureuse. Nous visons \u00e0 gagner le respect et la satisfaction de nos clients en offrant nos meilleurs services et soins. Gr\u00e2ce \u00e0 une \u00e9quipe exp\u00e9riment\u00e9e et professionnelle, nous am\u00e9liorerons votre apparence physique et votre relaxation mentale.<\/p>\n\n\n\n<p class=\" translation-block\">HEURES D'OUVERTURE:<br>\nMardi - Vendredi : 10h - 19h<br>\nSamedi : 10h - 17h<br>\nDimanche - Lundi : Ferm\u00e9<\/p>\n\n\n\n<div class=\"alignnormal\"><div id=\"metaslider-id-173\" style=\"width: 100%;\" class=\"ml-slider-3-29-1 metaslider metaslider-flex metaslider-173 ml-slider\">\n    <div id=\"metaslider_container_173\">\n        <div id=\"metaslider_173\">\n            <ul aria-live=\"polite\" class=\"slides\">\n                <li style=\"display: block; width: 100%;\" class=\"slide-175 ms-image\"><img loading=\"lazy\" decoding=\"async\" src=\"https:\/\/i0.wp.com\/dermadiba.com\/wp-content\/uploads\/2021\/04\/65606941_671408453310227_8523841470585634816_n.jpg?resize=700%2C300&#038;ssl=1\" height=\"300\" width=\"700\" alt=\"\" class=\"slider-173 slide-175\" title=\"65606941_671408453310227_8523841470585634816_n\" data-recalc-dims=\"1\" \/><\/li>\n                <li style=\"display: none; width: 100%;\" class=\"slide-176 ms-image\"><img loading=\"lazy\" decoding=\"async\" src=\"https:\/\/i0.wp.com\/dermadiba.com\/wp-content\/uploads\/2021\/04\/photo_2018-05-02_01-18-38.jpg?resize=700%2C300&#038;ssl=1\" height=\"300\" width=\"700\" alt=\"\" class=\"slider-173 slide-176\" title=\"photo_2018-05-02_01-18-38\" data-recalc-dims=\"1\" \/><\/li>\n                <li style=\"display: none; width: 100%;\" class=\"slide-177 ms-image\"><img loading=\"lazy\" decoding=\"async\" src=\"https:\/\/i0.wp.com\/dermadiba.com\/wp-content\/uploads\/2021\/04\/photo_2018-05-02_01-31-46.jpg?resize=700%2C300&#038;ssl=1\" height=\"300\" width=\"700\" alt=\"\" class=\"slider-173 slide-177\" title=\"photo_2018-05-02_01-31-46\" data-recalc-dims=\"1\" \/><\/li>\n                <li style=\"display: none; width: 100%;\" class=\"slide-468 ms-image\"><img loading=\"lazy\" decoding=\"async\" src=\"https:\/\/i0.wp.com\/dermadiba.com\/wp-content\/uploads\/2021\/09\/20200902_132329-scaled.jpg?resize=700%2C300&#038;ssl=1\" height=\"300\" width=\"700\" alt=\"\" class=\"slider-173 slide-468\" title=\"20200902_132329\" data-recalc-dims=\"1\" \/><\/li>\n            <\/ul>\n        <\/div>\n        \n    <\/div>\n<\/div><\/div>","protected":false},"excerpt":{"rendered":"<p>DermaDiba\u00a0is a beauty destination in Westmount dedicated in rendering excellent service, quality products, and a warm atmosphere.\u00a0 We aim to gain the respect and satisfaction of our clients by offering our best services and care. Through an experienced and professional team we will enhance your physical appearance and mental relaxation. OPENING HOURS:Tuesday \u2013 Friday :<a class=\"more-link\" href=\"https:\/\/dermadiba.com\/fr\/about-us\">Continue reading <span class=\"screen-reader-text\">&#8220;About Us&#8221;<\/span><\/a><\/p>","protected":false},"author":2,"featured_media":0,"parent":0,"menu_order":0,"comment_status":"closed","ping_status":"closed","template":"","meta":{"_vp_format_video_url":"","_vp_image_focal_point":[],"footnotes":""},"class_list":["post-474","page","type-page","status-publish","hentry","entry"],"_links":{"self":[{"href":"https:\/\/dermadiba.com\/fr\/wp-json\/wp\/v2\/pages\/474","targetHints":{"allow":["GET"]}}],"collection":[{"href":"https:\/\/dermadiba.com\/fr\/wp-json\/wp\/v2\/pages"}],"about":[{"href":"https:\/\/dermadiba.com\/fr\/wp-json\/wp\/v2\/types\/page"}],"author":[{"embeddable":true,"href":"https:\/\/dermadiba.com\/fr\/wp-json\/wp\/v2\/users\/2"}],"replies":[{"embeddable":true,"href":"https:\/\/dermadiba.com\/fr\/wp-json\/wp\/v2\/comments?post=474"}],"version-history":[{"count":3,"href":"https:\/\/dermadiba.com\/fr\/wp-json\/wp\/v2\/pages\/474\/revisions"}],"predecessor-version":[{"id":789,"href":"https:\/\/dermadiba.com\/fr\/wp-json\/wp\/v2\/pages\/474\/revisions\/789"}],"wp:attachment":[{"href":"https:\/\/dermadiba.com\/fr\/wp-json\/wp\/v2\/media?parent=474"}],"curies":[{"name":"wp","href":"https:\/\/api.w.org\/{rel}","templated":true}]}}