{"id":428,"date":"2021-05-01T18:26:00","date_gmt":"2021-05-01T18:26:00","guid":{"rendered":"http:\/\/wp.dermadiba.com\/?page_id=428"},"modified":"2025-03-30T17:52:31","modified_gmt":"2025-03-30T17:52:31","slug":"weight-loss","status":"publish","type":"page","link":"https:\/\/dermadiba.com\/fr\/services\/weight-loss","title":{"rendered":"PERTE DE POIDS"},"content":{"rendered":"<div class=\"wp-block-group alignfull has-background-background-color has-background\"><div class=\"wp-block-group__inner-container is-layout-flow wp-block-group-is-layout-flow\">\n<div class=\"wp-block-jetpack-layout-grid alignfull margin-bottom-none column1-desktop-grid__span-12 column1-desktop-grid__row-1 column1-tablet-grid__span-8 column1-tablet-grid__row-1 column1-mobile-grid__span-4 column1-mobile-grid__row-1\">\n<div class=\"wp-block-jetpack-layout-grid-column wp-block-jetpack-layout-grid__padding-large\">\n<h2 class=\"wp-block-heading\"><strong>PERTE DE POIDS<\/strong> &#8211; Description<\/h2>\n<\/div>\n<\/div>\n\n\n\n<div class=\"wp-block-jetpack-layout-grid alignfull margin-top-none column1-desktop-grid__span-7 column1-desktop-grid__row-1 column2-desktop-grid__span-5 column2-desktop-grid__start-8 column2-desktop-grid__row-1 column1-tablet-grid__span-4 column1-tablet-grid__row-1 column2-tablet-grid__span-4 column2-tablet-grid__start-5 column2-tablet-grid__row-1 column1-mobile-grid__span-4 column1-mobile-grid__row-1 column2-mobile-grid__span-4 column2-mobile-grid__row-2\">\n<div class=\"wp-block-jetpack-layout-grid-column wp-block-jetpack-layout-grid__padding-large\">\n<p>Nous comprenons que atteindre la forme physique et le poids id\u00e9al peut \u00eatre un d\u00e9fi. C'est pourquoi nous proposons une gamme de traitements efficaces pour vous aider \u00e0 atteindre vos objectifs. Nos services de remodelage corporel comprennent :<\/p>\n\n\n\n<ul class=\"wp-block-list\">\n<li>Lipocavitation<\/li>\n\n\n\n<li>Raffermissement cutan\u00e9 par radiofr\u00e9quence (RF)<\/li>\n<\/ul>\n\n\n\n<p>Notre traitement de lipocavitation utilise la technologie des ultrasons pour d\u00e9composer les cellules graisseuses et vous aider \u00e0 obtenir une apparence plus mince et tonique. Le raffermissement cutan\u00e9 par RF utilise l'\u00e9nergie de la radiofr\u00e9quence pour chauffer les couches profondes de la peau, favoriser la production de collag\u00e8ne et am\u00e9liorer l'\u00e9lasticit\u00e9 de la peau.<\/p>\n\n\n\n<p>Nos professionnels exp\u00e9riment\u00e9s travailleront avec vous pour d\u00e9terminer le meilleur plan de traitement en fonction de vos besoins et de vos objectifs individuels. Que vous cherchiez \u00e0 perdre du poids ou simplement \u00e0 obtenir une apparence plus tonique et sculpt\u00e9e, nous avons des options pour r\u00e9pondre \u00e0 vos besoins.<\/p>\n\n\n\n<p>Contactez-nous d\u00e8s aujourd'hui pour en savoir plus sur nos traitements de remodelage corporel et sur la fa\u00e7on dont nous pouvons vous aider \u00e0 obtenir le corps que vous avez toujours voulu.<\/p>\n\n\n\n<div class=\"wp-block-buttons is-layout-flex wp-block-buttons-is-layout-flex\"><\/div>\n\n\n\n<p><\/p>\n<\/div>\n\n\n\n<div class=\"wp-block-jetpack-layout-grid-column wp-block-jetpack-layout-grid__padding-large\">\n<figure class=\"wp-block-table is-style-stripes\"><table class=\"has-fixed-layout\"><thead><tr><th>Services<\/th><th class=\"has-text-align-right\" data-align=\"right\">Prix<\/th><\/tr><\/thead><tbody><tr><td>R\u00e9duction des graisses anti-cellulite<\/td><td class=\"has-text-align-right\" data-align=\"right\">$140.00 \/ session \/ zone<\/td><\/tr><tr><td>Raffermissement cutan\u00e9 par radiofr\u00e9quence (RF)<\/td><td class=\"has-text-align-right\" data-align=\"right\">$175.00 \/ session \/ zone<\/td><\/tr><\/tbody><tfoot><tr><td><\/td><td class=\"has-text-align-right\" data-align=\"right\"><\/td><\/tr><\/tfoot><\/table><\/figure>\n<\/div>\n<\/div>\n<\/div><\/div>\n\n\n\n<p><\/p>","protected":false},"excerpt":{"rendered":"<p>WEIGHT LOSS &#8211; Description We understand that achieving your ideal body shape and weight can be a challenge. That&#8217;s why we offer a range of effective treatments to help you reach your goals. Our body shaping services include: Our Lipocavitation treatment uses ultrasound technology to break down fat cells and help you achieve a slimmer,<a class=\"more-link\" href=\"https:\/\/dermadiba.com\/fr\/services\/weight-loss\">Continue reading <span class=\"screen-reader-text\">&#8220;WEIGHT LOSS&#8221;<\/span><\/a><\/p>","protected":false},"author":2,"featured_media":692,"parent":111,"menu_order":0,"comment_status":"closed","ping_status":"closed","template":"","meta":{"_vp_format_video_url":"","_vp_image_focal_point":{"x":0.5,"y":0.41},"footnotes":""},"class_list":["post-428","page","type-page","status-publish","has-post-thumbnail","hentry","entry"],"_links":{"self":[{"href":"https:\/\/dermadiba.com\/fr\/wp-json\/wp\/v2\/pages\/428","targetHints":{"allow":["GET"]}}],"collection":[{"href":"https:\/\/dermadiba.com\/fr\/wp-json\/wp\/v2\/pages"}],"about":[{"href":"https:\/\/dermadiba.com\/fr\/wp-json\/wp\/v2\/types\/page"}],"author":[{"embeddable":true,"href":"https:\/\/dermadiba.com\/fr\/wp-json\/wp\/v2\/users\/2"}],"replies":[{"embeddable":true,"href":"https:\/\/dermadiba.com\/fr\/wp-json\/wp\/v2\/comments?post=428"}],"version-history":[{"count":8,"href":"https:\/\/dermadiba.com\/fr\/wp-json\/wp\/v2\/pages\/428\/revisions"}],"predecessor-version":[{"id":816,"href":"https:\/\/dermadiba.com\/fr\/wp-json\/wp\/v2\/pages\/428\/revisions\/816"}],"up":[{"embeddable":true,"href":"https:\/\/dermadiba.com\/fr\/wp-json\/wp\/v2\/pages\/111"}],"wp:featuredmedia":[{"embeddable":true,"href":"https:\/\/dermadiba.com\/fr\/wp-json\/wp\/v2\/media\/692"}],"wp:attachment":[{"href":"https:\/\/dermadiba.com\/fr\/wp-json\/wp\/v2\/media?parent=428"}],"curies":[{"name":"wp","href":"https:\/\/api.w.org\/{rel}","templated":true}]}}