{"id":393,"date":"2021-04-29T17:19:00","date_gmt":"2021-04-29T17:19:00","guid":{"rendered":"http:\/\/wp.dermadiba.com\/?page_id=393"},"modified":"2025-03-30T17:51:06","modified_gmt":"2025-03-30T17:51:06","slug":"permanent-makeup","status":"publish","type":"page","link":"https:\/\/dermadiba.com\/fr\/services\/permanent-makeup","title":{"rendered":"MAQUILLAGE (PERMANENT, TEMPORAIRE)"},"content":{"rendered":"<div class=\"wp-block-group alignfull has-background-background-color has-background\"><div class=\"wp-block-group__inner-container is-layout-flow wp-block-group-is-layout-flow\">\n<div class=\"wp-block-jetpack-layout-grid alignfull margin-bottom-none column1-desktop-grid__span-12 column1-desktop-grid__row-1 column1-tablet-grid__span-8 column1-tablet-grid__row-1 column1-mobile-grid__span-4 column1-mobile-grid__row-1\">\n<div class=\"wp-block-jetpack-layout-grid-column wp-block-jetpack-layout-grid__padding-large\">\n<h2 class=\"wp-block-heading\"><strong>MAQUILLAGE (PERMANENT, TEMPORAIRE)<\/strong> &#8211; Description<\/h2>\n<\/div>\n<\/div>\n\n\n\n<div class=\"wp-block-jetpack-layout-grid alignfull margin-top-none column1-desktop-grid__span-7 column1-desktop-grid__row-1 column2-desktop-grid__span-5 column2-desktop-grid__start-8 column2-desktop-grid__row-1 column1-tablet-grid__span-4 column1-tablet-grid__row-1 column2-tablet-grid__span-4 column2-tablet-grid__start-5 column2-tablet-grid__row-1 column1-mobile-grid__span-4 column1-mobile-grid__row-1 column2-mobile-grid__span-4 column2-mobile-grid__row-2\">\n<div class=\"wp-block-jetpack-layout-grid-column wp-block-jetpack-layout-grid__padding-large\">\n<p>Dans notre salon, nous offrons une vari\u00e9t\u00e9 de services pour vous aider \u00e0 vous sentir et \u00e0 para\u00eetre votre meilleur. Nos services incluent:<\/p>\n\n\n\n<ul class=\"wp-block-list\">\n<li>Maquillage permanent: Obtenez un look durable avec le microblading, la laminage des sourcils, la coloration des sourcils, les extensions de cils, le lifting des cils, la coloration des cils et les retouches.<\/li>\n\n\n\n<li>Microblading: Une technique de tatouage cosm\u00e9tique semi-permanent qui cr\u00e9e des sourcils naturels et d\u00e9finis en utilisant un petit outil \u00e0 main pour appliquer des pigments qui imitent l'apparence des poils de sourcil naturels.<\/li>\n\n\n\n<li>Maquillage: Que vous ayez besoin d'un look de jour ou de soir\u00e9e, nos maquilleurs professionnels peuvent vous aider \u00e0 obtenir le look d\u00e9sir\u00e9.<\/li>\n\n\n\n<li>Extensions de cils: Embellissez vos cils naturels avec nos extensions de cils de haute qualit\u00e9.<\/li>\n\n\n\n<li>Lifting de cils: Ajoutez de la courbure et de la d\u00e9finition \u00e0 vos cils naturels avec notre service de lifting de cils.<\/li>\n\n\n\n<li>Teinture de cils et sourcils: Donnez \u00e0 vos cils et sourcils une apparence plus fonc\u00e9e et plus pleine avec nos services de teinture.<\/li>\n\n\n\n<li>Laminage des sourcils: Obtenez des sourcils plus pleins et plus d\u00e9finis avec notre service de laminage des sourcils.<\/li>\n\n\n\n<li>Coloration des sourcils: Ajoutez de la couleur et de la profondeur \u00e0 vos sourcils avec notre service de coloration des sourcils.<\/li>\n<\/ul>\n\n\n\n<p>Nos professionnels exp\u00e9riment\u00e9s utilisent uniquement les produits et techniques de la plus haute qualit\u00e9 pour assurer votre satisfaction \u00e0 chaque service. Contactez-nous d\u00e8s aujourd'hui pour prendre rendez-vous et d\u00e9couvrir la diff\u00e9rence de nos services de beaut\u00e9.<\/p>\n\n\n\n<div class=\"wp-block-buttons is-layout-flex wp-block-buttons-is-layout-flex\"><\/div>\n\n\n\n<p><\/p>\n<\/div>\n\n\n\n<div class=\"wp-block-jetpack-layout-grid-column wp-block-jetpack-layout-grid__padding-large\">\n<figure class=\"wp-block-table is-style-stripes\"><table class=\"has-fixed-layout\"><thead><tr><th>Maquillage Permanent<\/th><th class=\"has-text-align-right\" data-align=\"right\">Prix<\/th><\/tr><\/thead><tbody><tr><td>Microblading<\/td><td class=\"has-text-align-right\" data-align=\"right\">$405.00<\/td><\/tr><tr><td>Extention des cils<\/td><td class=\"has-text-align-right\" data-align=\"right\">$150.00<\/td><\/tr><tr><td>Refil<\/td><td class=\"has-text-align-right\" data-align=\"right\">\u00e0 partir de $60.00<\/td><\/tr><tr><td>Laminations des sourcils<\/td><td class=\"has-text-align-right\" data-align=\"right\">$90.00<\/td><\/tr><tr><td>Coloration des sourcils <\/td><td class=\"has-text-align-right\" data-align=\"right\"> $30.00<\/td><\/tr><tr><td>Rehaussement des cils <\/td><td class=\"has-text-align-right\" data-align=\"right\"> $95.00<\/td><\/tr><tr><td>Coloration des cils<\/td><td class=\"has-text-align-right\" data-align=\"right\">$35.00<\/td><\/tr><\/tbody><tfoot><tr><td><\/td><td class=\"has-text-align-right\" data-align=\"right\"><\/td><\/tr><\/tfoot><\/table><\/figure>\n\n\n\n<figure class=\"wp-block-table is-style-stripes\"><table class=\"has-fixed-layout\"><thead><tr><th>Maquillage<\/th><th class=\"has-text-align-right\" data-align=\"right\">Prix<\/th><\/tr><\/thead><tbody><tr><td>Maquillage de jour<\/td><td class=\"has-text-align-right\" data-align=\"right\">\u00e0 partir de $60.00<\/td><\/tr><tr><td>Maquillage de soir\u00e9e<\/td><td class=\"has-text-align-right\" data-align=\"right\">\u00e0 partir de $95.00<\/td><\/tr><\/tbody><tfoot><tr><td><\/td><td class=\"has-text-align-right\" data-align=\"right\"><\/td><\/tr><\/tfoot><\/table><\/figure>\n<\/div>\n<\/div>\n<\/div><\/div>\n\n\n\n<p><\/p>","protected":false},"excerpt":{"rendered":"<p>MAKEUP (PERMANENT, TEMPORARY) &#8211; Description At our salon, we offer a variety of services to help you look and feel your best. Our services include: Our experienced professionals use only the highest quality products and techniques to ensure your satisfaction with every service. Contact us today to book your appointment and experience the difference of<a class=\"more-link\" href=\"https:\/\/dermadiba.com\/fr\/services\/permanent-makeup\">Continue reading <span class=\"screen-reader-text\">&#8220;MAKEUP (PERMANENT, TEMPORARY)&#8221;<\/span><\/a><\/p>","protected":false},"author":2,"featured_media":394,"parent":111,"menu_order":0,"comment_status":"closed","ping_status":"closed","template":"","meta":{"_vp_format_video_url":"","_vp_image_focal_point":[],"footnotes":""},"class_list":["post-393","page","type-page","status-publish","has-post-thumbnail","hentry","entry"],"_links":{"self":[{"href":"https:\/\/dermadiba.com\/fr\/wp-json\/wp\/v2\/pages\/393","targetHints":{"allow":["GET"]}}],"collection":[{"href":"https:\/\/dermadiba.com\/fr\/wp-json\/wp\/v2\/pages"}],"about":[{"href":"https:\/\/dermadiba.com\/fr\/wp-json\/wp\/v2\/types\/page"}],"author":[{"embeddable":true,"href":"https:\/\/dermadiba.com\/fr\/wp-json\/wp\/v2\/users\/2"}],"replies":[{"embeddable":true,"href":"https:\/\/dermadiba.com\/fr\/wp-json\/wp\/v2\/comments?post=393"}],"version-history":[{"count":14,"href":"https:\/\/dermadiba.com\/fr\/wp-json\/wp\/v2\/pages\/393\/revisions"}],"predecessor-version":[{"id":811,"href":"https:\/\/dermadiba.com\/fr\/wp-json\/wp\/v2\/pages\/393\/revisions\/811"}],"up":[{"embeddable":true,"href":"https:\/\/dermadiba.com\/fr\/wp-json\/wp\/v2\/pages\/111"}],"wp:featuredmedia":[{"embeddable":true,"href":"https:\/\/dermadiba.com\/fr\/wp-json\/wp\/v2\/media\/394"}],"wp:attachment":[{"href":"https:\/\/dermadiba.com\/fr\/wp-json\/wp\/v2\/media?parent=393"}],"curies":[{"name":"wp","href":"https:\/\/api.w.org\/{rel}","templated":true}]}}