{"id":383,"date":"2021-03-01T17:11:00","date_gmt":"2021-03-01T17:11:00","guid":{"rendered":"http:\/\/wp.dermadiba.com\/?page_id=383"},"modified":"2025-03-30T17:44:44","modified_gmt":"2025-03-30T17:44:44","slug":"hairdressing","status":"publish","type":"page","link":"https:\/\/dermadiba.com\/fr\/services\/hairdressing","title":{"rendered":"COIFFURE"},"content":{"rendered":"<div class=\"wp-block-group alignfull has-background-background-color has-background\"><div class=\"wp-block-group__inner-container is-layout-flow wp-block-group-is-layout-flow\">\n<div class=\"wp-block-jetpack-layout-grid alignfull margin-bottom-none column1-desktop-grid__span-12 column1-desktop-grid__row-1 column1-tablet-grid__span-8 column1-tablet-grid__row-1 column1-mobile-grid__span-4 column1-mobile-grid__row-1\">\n<div class=\"wp-block-jetpack-layout-grid-column wp-block-jetpack-layout-grid__padding-large\">\n<h2 class=\"wp-block-heading\"><strong>COIFFURE<\/strong> &#8211; Description<\/h2>\n<\/div>\n<\/div>\n\n\n\n<div class=\"wp-block-jetpack-layout-grid alignfull margin-top-none column1-desktop-grid__span-7 column1-desktop-grid__row-1 column2-desktop-grid__span-5 column2-desktop-grid__start-8 column2-desktop-grid__row-1 column1-tablet-grid__span-4 column1-tablet-grid__row-1 column2-tablet-grid__span-4 column2-tablet-grid__start-5 column2-tablet-grid__row-1 column1-mobile-grid__span-4 column1-mobile-grid__row-1 column2-mobile-grid__span-4 column2-mobile-grid__row-2\">\n<div class=\"wp-block-jetpack-layout-grid-column wp-block-jetpack-layout-grid__padding-large\">\n<p>Dans notre salon, nous offrons une gamme de services de coiffure pour vous aider \u00e0 obtenir le look que vous d\u00e9sirez. Nos services comprennent des coupes de cheveux, des coiffures, la coloration, les m\u00e8ches, l'ombrage, le balayage et les traitements permanents, ainsi que des traitements capillaires pour le rebond des cheveux. Nous offrons \u00e9galement une gamme de traitements sp\u00e9cialis\u00e9s tels que les traitements \u00e0 la k\u00e9ratine et au Botox pour am\u00e9liorer la sant\u00e9 et l'apparence de vos cheveux. Notre traitement au Botox est une option non invasive qui consiste \u00e0 appliquer un produit sur les cheveux, contenant des prot\u00e9ines naturelles et des vitamines qui p\u00e9n\u00e8trent en profondeur dans la tige capillaire pour r\u00e9parer et rajeunir les cheveux de l'int\u00e9rieur, ce qui donne des cheveux lisses, sains et jeunes. Nous offrons \u00e9galement des coupes de frange et diverses coiffures \u00e0 partir de 35 $. Venez nous rendre visite pour une consultation personnalis\u00e9e afin de d\u00e9couvrir quel traitement convient le mieux \u00e0 vos besoins.<\/p>\n\n\n\n<div class=\"wp-block-buttons is-layout-flex wp-block-buttons-is-layout-flex\"><\/div>\n\n\n\n<p><\/p>\n<\/div>\n\n\n\n<div class=\"wp-block-jetpack-layout-grid-column wp-block-jetpack-layout-grid__padding-large\">\n<figure class=\"wp-block-table is-style-stripes\"><table class=\"has-fixed-layout\"><thead><tr><th>Services<\/th><th class=\"has-text-align-right\" data-align=\"right\">Prix<\/th><\/tr><\/thead><tbody><tr><td>Coupe ou mise en plis<\/td><td class=\"has-text-align-right\" data-align=\"right\">\u00e0 partir de $45.00<\/td><\/tr><tr><td>Coupe et mise en plis<\/td><td class=\"has-text-align-right\" data-align=\"right\">\u00e0 partir de $60.00<\/td><\/tr><tr><td>Coiffure haute<\/td><td class=\"has-text-align-right\" data-align=\"right\">\u00e0 partir de $75.00<\/td><\/tr><tr><td>Coloration<\/td><td class=\"has-text-align-right\" data-align=\"right\">\u00e0 partir de $60.00<\/td><\/tr><tr><td>Toner<\/td><td class=\"has-text-align-right\" data-align=\"right\">$60.00<\/td><\/tr><tr><td>M\u00e8ches<\/td><td class=\"has-text-align-right\" data-align=\"right\">\u00e0 partir de $175.00<\/td><\/tr><tr><td>Ombr\u00e9<\/td><td class=\"has-text-align-right\" data-align=\"right\">\u00e0 partir de $200.00<\/td><\/tr><tr><td>Balayage<\/td><td class=\"has-text-align-right\" data-align=\"right\">\u00e0 partir de $185.00<\/td><\/tr><tr><td>Permanent<\/td><td class=\"has-text-align-right\" data-align=\"right\">\u00e0 partir de $130.00<\/td><\/tr><tr><td>Traitement capillaire<\/td><td class=\"has-text-align-right\" data-align=\"right\">\u00e0 partir de $70.00<\/td><\/tr><tr><td>Traitement keratin out botox<\/td><td class=\"has-text-align-right\" data-align=\"right\">\u00e0 partir de $185.00<\/td><\/tr><tr><td>Frange<\/td><td class=\"has-text-align-right\" data-align=\"right\">$20.00<\/td><\/tr><\/tbody><tfoot><tr><td><\/td><td class=\"has-text-align-right\" data-align=\"right\"><\/td><\/tr><\/tfoot><\/table><\/figure>\n<\/div>\n<\/div>\n<\/div><\/div>\n\n\n\n<p><\/p>","protected":false},"excerpt":{"rendered":"<p>HAIRDRESSING &#8211; Description At our salon, we offer a range of hairdressing services to help you achieve your desired look. Our services include haircuts, up-dos, coloring, highlighting, ombre, balayage, and permanent treatments, as well as capillary treatments for hair rebound. We also offer a range of specialty treatments such as keratin and Botox treatments to<a class=\"more-link\" href=\"https:\/\/dermadiba.com\/fr\/services\/hairdressing\">Continue reading <span class=\"screen-reader-text\">&#8220;HAIRDRESSING&#8221;<\/span><\/a><\/p>","protected":false},"author":2,"featured_media":407,"parent":111,"menu_order":0,"comment_status":"closed","ping_status":"closed","template":"","meta":{"_vp_format_video_url":"","_vp_image_focal_point":[],"footnotes":""},"class_list":["post-383","page","type-page","status-publish","has-post-thumbnail","hentry","entry"],"_links":{"self":[{"href":"https:\/\/dermadiba.com\/fr\/wp-json\/wp\/v2\/pages\/383","targetHints":{"allow":["GET"]}}],"collection":[{"href":"https:\/\/dermadiba.com\/fr\/wp-json\/wp\/v2\/pages"}],"about":[{"href":"https:\/\/dermadiba.com\/fr\/wp-json\/wp\/v2\/types\/page"}],"author":[{"embeddable":true,"href":"https:\/\/dermadiba.com\/fr\/wp-json\/wp\/v2\/users\/2"}],"replies":[{"embeddable":true,"href":"https:\/\/dermadiba.com\/fr\/wp-json\/wp\/v2\/comments?post=383"}],"version-history":[{"count":9,"href":"https:\/\/dermadiba.com\/fr\/wp-json\/wp\/v2\/pages\/383\/revisions"}],"predecessor-version":[{"id":807,"href":"https:\/\/dermadiba.com\/fr\/wp-json\/wp\/v2\/pages\/383\/revisions\/807"}],"up":[{"embeddable":true,"href":"https:\/\/dermadiba.com\/fr\/wp-json\/wp\/v2\/pages\/111"}],"wp:featuredmedia":[{"embeddable":true,"href":"https:\/\/dermadiba.com\/fr\/wp-json\/wp\/v2\/media\/407"}],"wp:attachment":[{"href":"https:\/\/dermadiba.com\/fr\/wp-json\/wp\/v2\/media?parent=383"}],"curies":[{"name":"wp","href":"https:\/\/api.w.org\/{rel}","templated":true}]}}