{"id":361,"date":"2021-05-03T16:24:00","date_gmt":"2021-05-03T16:24:00","guid":{"rendered":"http:\/\/wp.dermadiba.com\/?page_id=361"},"modified":"2025-03-30T17:52:06","modified_gmt":"2025-03-30T17:52:06","slug":"pigmentation","status":"publish","type":"page","link":"https:\/\/dermadiba.com\/fr\/services\/pigmentation","title":{"rendered":"PIGMENTATION"},"content":{"rendered":"<div class=\"wp-block-group alignfull has-background-background-color has-background\"><div class=\"wp-block-group__inner-container is-layout-flow wp-block-group-is-layout-flow\">\n<div class=\"wp-block-jetpack-layout-grid alignfull margin-bottom-none column1-desktop-grid__span-12 column1-desktop-grid__row-1 column1-tablet-grid__span-8 column1-tablet-grid__row-1 column1-mobile-grid__span-4 column1-mobile-grid__row-1\">\n<div class=\"wp-block-jetpack-layout-grid-column wp-block-jetpack-layout-grid__padding-large\">\n<h2 class=\"wp-block-heading\"><strong>PIGMENTATION<\/strong> &#8211; Description<\/h2>\n<\/div>\n<\/div>\n\n\n\n<div class=\"wp-block-jetpack-layout-grid alignfull margin-top-none column1-desktop-grid__span-7 column1-desktop-grid__row-1 column2-desktop-grid__span-5 column2-desktop-grid__start-8 column2-desktop-grid__row-1 column1-tablet-grid__span-4 column1-tablet-grid__row-1 column2-tablet-grid__span-4 column2-tablet-grid__start-5 column2-tablet-grid__row-1 column1-mobile-grid__span-4 column1-mobile-grid__row-1 column2-mobile-grid__span-4 column2-mobile-grid__row-2\">\n<div class=\"wp-block-jetpack-layout-grid-column wp-block-jetpack-layout-grid__padding-large\">\n<p class=\" translation-block\">Les probl\u00e8mes de <strong>pigmentation<\/strong> sont une pr\u00e9occupation courante pour ceux qui cherchent des services de dermatologie et de coiffure. L'hyperpigmentation et l'hypopigmentation sont les deux types les plus courants, r\u00e9sultant en des taches plus sombres ou plus claires sur la peau. Notre clinique offre une gamme de services pour traiter ces probl\u00e8mes, notamment des traitements topiques, une th\u00e9rapie au laser et d'autres proc\u00e9dures cosm\u00e9tiques. Ne laissez pas les probl\u00e8mes de pigmentation vous emp\u00eacher de vous sentir au mieux de votre forme. Contactez-nous pour en savoir plus sur la fa\u00e7on dont nous pouvons vous aider \u00e0 obtenir un teint plus uniforme.<\/p>\n\n\n\n<div class=\"wp-block-buttons is-layout-flex wp-block-buttons-is-layout-flex\"><\/div>\n\n\n\n<p><\/p>\n<\/div>\n\n\n\n<div class=\"wp-block-jetpack-layout-grid-column wp-block-jetpack-layout-grid__padding-large\">\n<figure class=\"wp-block-table is-style-stripes\"><table class=\"has-fixed-layout\"><thead><tr><th>Services<\/th><th class=\"has-text-align-right\" data-align=\"right\">Prix<\/th><\/tr><\/thead><tbody><tr><td>Soin de visage clarifiant<\/td><td class=\"has-text-align-right\" data-align=\"right\">$170.00<\/td><\/tr><tr><td>Microdermabrasion clarifiant<\/td><td class=\"has-text-align-right\" data-align=\"right\">$175.00<\/td><\/tr><tr><td>Peeling chimique organique<\/td><td class=\"has-text-align-right\" data-align=\"right\">$175.00<\/td><\/tr><tr><td>Peeling chimique m\u00e9dical<\/td><td class=\"has-text-align-right\" data-align=\"right\">$210.00<\/td><\/tr><tr><td>Traitement pigmentaire IPL<\/td><td class=\"has-text-align-right\" data-align=\"right\">$290.00<\/td><\/tr><tr><td>Microaiguillage<\/td><td class=\"has-text-align-right\" data-align=\"right\">$405.00<\/td><\/tr><\/tbody><tfoot><tr><td><\/td><td class=\"has-text-align-right\" data-align=\"right\"><\/td><\/tr><\/tfoot><\/table><\/figure>\n<\/div>\n<\/div>\n<\/div><\/div>\n\n\n\n<p><\/p>","protected":false},"excerpt":{"rendered":"<p>PIGMENTATION &#8211; Description Pigmentation issues are a common concern for many seeking dermatological and hairdressing services. Hyperpigmentation and hypopigmentation are the two most common types, resulting in darker or lighter spots on the skin. Our clinic offers a range of services to address these issues, including topical treatments, laser therapy, and other cosmetic procedures. Don&#8217;t<a class=\"more-link\" href=\"https:\/\/dermadiba.com\/fr\/services\/pigmentation\">Continue reading <span class=\"screen-reader-text\">&#8220;PIGMENTATION&#8221;<\/span><\/a><\/p>","protected":false},"author":2,"featured_media":672,"parent":111,"menu_order":0,"comment_status":"closed","ping_status":"closed","template":"","meta":{"_vp_format_video_url":"","_vp_image_focal_point":[],"footnotes":""},"class_list":["post-361","page","type-page","status-publish","has-post-thumbnail","hentry","entry"],"_links":{"self":[{"href":"https:\/\/dermadiba.com\/fr\/wp-json\/wp\/v2\/pages\/361","targetHints":{"allow":["GET"]}}],"collection":[{"href":"https:\/\/dermadiba.com\/fr\/wp-json\/wp\/v2\/pages"}],"about":[{"href":"https:\/\/dermadiba.com\/fr\/wp-json\/wp\/v2\/types\/page"}],"author":[{"embeddable":true,"href":"https:\/\/dermadiba.com\/fr\/wp-json\/wp\/v2\/users\/2"}],"replies":[{"embeddable":true,"href":"https:\/\/dermadiba.com\/fr\/wp-json\/wp\/v2\/comments?post=361"}],"version-history":[{"count":9,"href":"https:\/\/dermadiba.com\/fr\/wp-json\/wp\/v2\/pages\/361\/revisions"}],"predecessor-version":[{"id":814,"href":"https:\/\/dermadiba.com\/fr\/wp-json\/wp\/v2\/pages\/361\/revisions\/814"}],"up":[{"embeddable":true,"href":"https:\/\/dermadiba.com\/fr\/wp-json\/wp\/v2\/pages\/111"}],"wp:featuredmedia":[{"embeddable":true,"href":"https:\/\/dermadiba.com\/fr\/wp-json\/wp\/v2\/media\/672"}],"wp:attachment":[{"href":"https:\/\/dermadiba.com\/fr\/wp-json\/wp\/v2\/media?parent=361"}],"curies":[{"name":"wp","href":"https:\/\/api.w.org\/{rel}","templated":true}]}}