{"id":340,"date":"2021-05-04T15:35:00","date_gmt":"2021-05-04T15:35:00","guid":{"rendered":"http:\/\/wp.dermadiba.com\/?page_id=340"},"modified":"2025-03-30T17:39:30","modified_gmt":"2025-03-30T17:39:30","slug":"acne-treatment","status":"publish","type":"page","link":"https:\/\/dermadiba.com\/fr\/services\/acne-treatment","title":{"rendered":"TRAITEMENT DE L'ACN\u00c9E"},"content":{"rendered":"<div class=\"wp-block-group alignfull has-background-background-color has-background\"><div class=\"wp-block-group__inner-container is-layout-flow wp-block-group-is-layout-flow\">\n<div class=\"wp-block-jetpack-layout-grid alignfull margin-bottom-none column1-desktop-grid__span-12 column1-desktop-grid__row-1 column1-tablet-grid__span-8 column1-tablet-grid__row-1 column1-mobile-grid__span-4 column1-mobile-grid__row-1\">\n<div class=\"wp-block-jetpack-layout-grid-column wp-block-jetpack-layout-grid__padding-large\">\n<h2 class=\"wp-block-heading\"><strong>TRAITEMENT DE L'ACN\u00c9E<\/strong> &#8211; Description<\/h2>\n<\/div>\n<\/div>\n\n\n\n<div class=\"wp-block-jetpack-layout-grid alignfull margin-top-none column1-desktop-grid__span-7 column1-desktop-grid__row-1 column2-desktop-grid__span-5 column2-desktop-grid__start-8 column2-desktop-grid__row-1 column1-tablet-grid__span-4 column1-tablet-grid__row-1 column2-tablet-grid__span-4 column2-tablet-grid__start-5 column2-tablet-grid__row-1 column1-mobile-grid__span-4 column1-mobile-grid__row-1 column2-mobile-grid__span-4 column2-mobile-grid__row-2\">\n<div class=\"wp-block-jetpack-layout-grid-column wp-block-jetpack-layout-grid__padding-large\">\n<p>Nous offrons une gamme de services anti-acn\u00e9 pour vous aider \u00e0 obtenir une peau plus claire et plus saine. Notre facial purifiant anti-acn\u00e9 est une option populaire qui nettoie et d\u00e9toxifie la peau, vous laissant un teint rafra\u00eechi. Pour ceux qui cherchent un traitement plus intensif, notre microdermabrasion anti-acn\u00e9 utilise une exfoliation douce pour d\u00e9boucher les pores et am\u00e9liorer la texture de la peau.<\/p>\n\n\n\n<p>Nous offrons \u00e9galement des peelings chimiques organiques qui utilisent des ingr\u00e9dients naturels pour favoriser le renouvellement cellulaire et r\u00e9duire l'apparence des cicatrices d'acn\u00e9. Notre th\u00e9rapie oxytrio est un traitement unique qui combine trois th\u00e9rapies pour aider \u00e0 apaiser et \u00e0 gu\u00e9rir la peau enflamm\u00e9e sujette \u00e0 l'acn\u00e9.<\/p>\n\n\n\n<p>Pour les cas plus avanc\u00e9s, nous offrons des peelings chimiques m\u00e9dicaux qui utilisent des solutions chimiques plus fortes pour traiter l'acn\u00e9 s\u00e9v\u00e8re et les cicatrices d'acn\u00e9. Notre traitement au laser pour l'acn\u00e9 (IPL) utilise une technologie avanc\u00e9e pour cibler et \u00e9liminer les bact\u00e9ries qui causent l'acn\u00e9, tandis que la microneedling stimule la production de collag\u00e8ne et aide \u00e0 r\u00e9duire l'apparence des cicatrices d'acn\u00e9.<\/p>\n\n\n\n<p>Enfin, nous offrons \u00e9galement des traitements de soins du dos pour ceux qui luttent contre l'acn\u00e9 sur leur dos. Nos services de soins anti-acn\u00e9 pour le dos comprennent une vari\u00e9t\u00e9 de traitements tels que la microdermabrasion anti-acn\u00e9 et les peelings chimiques organiques.<\/p>\n\n\n\n<p>Notre \u00e9quipe de professionnels exp\u00e9riment\u00e9s s'engage \u00e0 vous offrir le meilleur service possible dans un environnement confortable et s\u00fbr. Contactez-nous d\u00e8s aujourd'hui pour en savoir plus sur nos services anti-acn\u00e9 et prendre rendez-vous.<\/p>\n\n\n\n<div class=\"wp-block-buttons is-layout-flex wp-block-buttons-is-layout-flex\"><\/div>\n\n\n\n<p><\/p>\n<\/div>\n\n\n\n<div class=\"wp-block-jetpack-layout-grid-column wp-block-jetpack-layout-grid__padding-large\">\n<figure class=\"wp-block-table is-style-stripes\"><table class=\"has-fixed-layout\"><thead><tr><th>Services<\/th><th class=\"has-text-align-right\" data-align=\"right\">Prix<\/th><\/tr><\/thead><tbody><tr><td>Soin du visage purifiant anti-acn\u00e9<\/td><td class=\"has-text-align-right\" data-align=\"right\">                   $170.00<\/td><\/tr><tr><td>Microdermabrasion anti-acn\u00e9<\/td><td class=\"has-text-align-right\" data-align=\"right\">$175.00<\/td><\/tr><tr><td>Peeling chimique organique<\/td><td class=\"has-text-align-right\" data-align=\"right\">$175.00<\/td><\/tr><tr><td>Th\u00e9rapie par OxyTrio<\/td><td class=\"has-text-align-right\" data-align=\"right\">$185.00<\/td><\/tr><tr><td>Peeling chimique m\u00e9dical<\/td><td class=\"has-text-align-right\" data-align=\"right\">$210.00<\/td><\/tr><tr><td>Traitement de l'acn\u00e9 au laser (IPL)<\/td><td class=\"has-text-align-right\" data-align=\"right\">$290.00<\/td><\/tr><tr><td>Microaiguillage<\/td><td class=\"has-text-align-right\" data-align=\"right\">$405.00<\/td><\/tr><tr><td>Soins du dos anti-acn\u00e9<\/td><td class=\"has-text-align-right\" data-align=\"right\">$185.00<\/td><\/tr><tr><td>Microdermabrasion anti-acne du dos<\/td><td class=\"has-text-align-right\" data-align=\"right\">$210.00<\/td><\/tr><\/tbody><tfoot><tr><td><\/td><td class=\"has-text-align-right\" data-align=\"right\"><\/td><\/tr><\/tfoot><\/table><\/figure>\n<\/div>\n<\/div>\n<\/div><\/div>\n\n\n\n<p><\/p>","protected":false},"excerpt":{"rendered":"<p>ACNE TREATMENT &#8211; Description We offer a range of anti-acne services to help you achieve clearer, healthier-looking skin. Our purifying anti-acne facial is a popular option that cleanses and detoxifies the skin, leaving you with a refreshed complexion. For those seeking a more intensive treatment, our anti-acne microdermabrasion uses gentle exfoliation to unclog pores and<a class=\"more-link\" href=\"https:\/\/dermadiba.com\/fr\/services\/acne-treatment\">Continue reading <span class=\"screen-reader-text\">&#8220;ACNE TREATMENT&#8221;<\/span><\/a><\/p>","protected":false},"author":2,"featured_media":667,"parent":111,"menu_order":0,"comment_status":"closed","ping_status":"closed","template":"","meta":{"_vp_format_video_url":"","_vp_image_focal_point":{"x":0.42,"y":0.21},"footnotes":""},"class_list":["post-340","page","type-page","status-publish","has-post-thumbnail","hentry","entry"],"_links":{"self":[{"href":"https:\/\/dermadiba.com\/fr\/wp-json\/wp\/v2\/pages\/340","targetHints":{"allow":["GET"]}}],"collection":[{"href":"https:\/\/dermadiba.com\/fr\/wp-json\/wp\/v2\/pages"}],"about":[{"href":"https:\/\/dermadiba.com\/fr\/wp-json\/wp\/v2\/types\/page"}],"author":[{"embeddable":true,"href":"https:\/\/dermadiba.com\/fr\/wp-json\/wp\/v2\/users\/2"}],"replies":[{"embeddable":true,"href":"https:\/\/dermadiba.com\/fr\/wp-json\/wp\/v2\/comments?post=340"}],"version-history":[{"count":10,"href":"https:\/\/dermadiba.com\/fr\/wp-json\/wp\/v2\/pages\/340\/revisions"}],"predecessor-version":[{"id":805,"href":"https:\/\/dermadiba.com\/fr\/wp-json\/wp\/v2\/pages\/340\/revisions\/805"}],"up":[{"embeddable":true,"href":"https:\/\/dermadiba.com\/fr\/wp-json\/wp\/v2\/pages\/111"}],"wp:featuredmedia":[{"embeddable":true,"href":"https:\/\/dermadiba.com\/fr\/wp-json\/wp\/v2\/media\/667"}],"wp:attachment":[{"href":"https:\/\/dermadiba.com\/fr\/wp-json\/wp\/v2\/media?parent=340"}],"curies":[{"name":"wp","href":"https:\/\/api.w.org\/{rel}","templated":true}]}}